{"id":2835,"date":"2025-06-05T11:54:10","date_gmt":"2025-06-05T14:54:10","guid":{"rendered":"https:\/\/mitosemagia.com.br\/integrativos\/?page_id=2835"},"modified":"2025-06-05T12:12:09","modified_gmt":"2025-06-05T15:12:09","slug":"duvidas","status":"publish","type":"page","link":"https:\/\/mitosemagia.com.br\/integrativos\/duvidas\/","title":{"rendered":"D\u00favidas"},"content":{"rendered":"\n  <div class=\"banner has-hover has-parallax\" id=\"banner-718224102\">\n          <div class=\"banner-inner fill\">\n        <div class=\"banner-bg fill\" data-parallax=\"-9\" data-parallax-container=\".banner\" data-parallax-background>\n            <div class=\"bg fill bg-fill \"><\/div>\n                                    \n                    <\/div>\n\t\t\n        <div class=\"banner-layers container\">\n            <div class=\"fill banner-link\"><\/div>            \n   <div id=\"text-box-837788738\" class=\"text-box banner-layer x50 md-x50 lg-x50 y90 md-y50 lg-y50 res-text\">\n                                <div class=\"text-box-content text dark\">\n              \n              <div class=\"text-inner text-center\">\n                  \n<h2>D\u00favidas<\/h2>\n              <\/div>\n           <\/div>\n                            \n<style>\n#text-box-837788738 {\n  width: 92%;\n}\n#text-box-837788738 .text-box-content {\n  font-size: 100%;\n}\n<\/style>\n    <\/div>\n \n        <\/div>\n      <\/div>\n\n            \n<style>\n#banner-718224102 {\n  padding-top: 69%;\n  background-color: rgba(234, 234, 234, 0);\n}\n#banner-718224102 .bg.bg-loaded {\n  background-image: url(https:\/\/mitosemagia.com.br\/integrativos\/wp-content\/uploads\/2024\/11\/bg.gif);\n}\n#banner-718224102 .bg {\n  background-position: 100% 100%;\n}\n@media (min-width:550px) {\n  #banner-718224102 {\n    padding-top: 400px;\n  }\n}\n@media (min-width:850px) {\n  #banner-718224102 {\n    padding-top: 400px;\n  }\n}\n<\/style>\n  <\/div>\n\n\n\t<section class=\"section has-parallax\" id=\"section_661440134\">\n\t\t<div class=\"bg section-bg fill bg-fill  \" data-parallax-container=\".section\" data-parallax-background data-parallax=\"-6\">\n\n\t\t\t\n\t\t\t\n\t\t\t\n\n\t\t<\/div>\n\n\t\t\n\n\t\t<div class=\"section-content relative\">\n\t\t\t\n<div class=\"row align-center\"  id=\"row-1897915443\">\n\n\t<div id=\"col-1489111119\" class=\"col medium-10 small-12 large-10\"  >\n\t\t\t\t<div class=\"col-inner dark\"  >\n\t\t\t\n\t\t\t\n<div class=\"accordion\">\n\t<div id=\"accordion-2454398356\" class=\"accordion-item\">\n\t\t<a id=\"accordion-2454398356-label\" class=\"accordion-title plain\" href=\"#accordion-item-como-funciona-o-atendimento-esot\u00e9rico?\" aria-expanded=\"false\" aria-controls=\"accordion-2454398356-content\" >\n\t\t\t<button class=\"toggle\" aria-label=\"Toggle\"><i class=\"icon-angle-down\"><\/i><\/button>\n\t\t\t<span>Como funciona o atendimento esot\u00e9rico?<\/span>\n\t\t<\/a>\n\t\t<div id=\"accordion-2454398356-content\" class=\"accordion-inner\" aria-labelledby=\"accordion-2454398356-label\" >\n\t\t\t\n<p>O atendimento esot\u00e9rico pode variar dependendo da t\u00e9cnica utilizada. Geralmente, o processo envolve uma conversa inicial para entender as quest\u00f5es do cliente, seguida da aplica\u00e7\u00e3o das t\u00e9cnicas esot\u00e9ricas para buscar respostas, orienta\u00e7\u00e3o e autoconhecimento.<\/p>\n\t\t<\/div>\n\t<\/div>\n\t\n\t<div id=\"accordion-1279228602\" class=\"accordion-item\">\n\t\t<a id=\"accordion-1279228602-label\" class=\"accordion-title plain\" href=\"#accordion-item-o-atendimento-\u00e9-confidencial?\" aria-expanded=\"false\" aria-controls=\"accordion-1279228602-content\" >\n\t\t\t<button class=\"toggle\" aria-label=\"Toggle\"><i class=\"icon-angle-down\"><\/i><\/button>\n\t\t\t<span>O atendimento \u00e9 confidencial?<\/span>\n\t\t<\/a>\n\t\t<div id=\"accordion-1279228602-content\" class=\"accordion-inner\" aria-labelledby=\"accordion-1279228602-label\" >\n\t\t\t\n<p>Sim, a confidencialidade \u00e9 fundamental no atendimento esot\u00e9rico. Todas as informa\u00e7\u00f5es compartilhadas pelo cliente s\u00e3o tratadas com respeito e sigilo absoluto, proporcionando um ambiente seguro para express\u00e3o pessoal.<\/p>\n\t\t<\/div>\n\t<\/div>\n\t\n\t<div id=\"accordion-2597092260\" class=\"accordion-item\">\n\t\t<a id=\"accordion-2597092260-label\" class=\"accordion-title plain\" href=\"#accordion-item-qual-\u00e9-o-objetivo-do-atendimento-esot\u00e9rico?\" aria-expanded=\"false\" aria-controls=\"accordion-2597092260-content\" >\n\t\t\t<button class=\"toggle\" aria-label=\"Toggle\"><i class=\"icon-angle-down\"><\/i><\/button>\n\t\t\t<span>Qual \u00e9 o objetivo do atendimento esot\u00e9rico?<\/span>\n\t\t<\/a>\n\t\t<div id=\"accordion-2597092260-content\" class=\"accordion-inner\" aria-labelledby=\"accordion-2597092260-label\" >\n\t\t\t\n<p>O principal objetivo \u00e9 promover o autoconhecimento, oferecer orienta\u00e7\u00e3o em momentos de d\u00favida e ajudar o cliente a compreender melhor aspectos da sua vida, como relacionamentos, carreira e prop\u00f3sito pessoal.<\/p>\n\t\t<\/div>\n\t<\/div>\n\t\n\t<div id=\"accordion-603568596\" class=\"accordion-item\">\n\t\t<a id=\"accordion-603568596-label\" class=\"accordion-title plain\" href=\"#accordion-item-quais-t\u00e9cnicas-s\u00e3o-utilizadas?\" aria-expanded=\"false\" aria-controls=\"accordion-603568596-content\" >\n\t\t\t<button class=\"toggle\" aria-label=\"Toggle\"><i class=\"icon-angle-down\"><\/i><\/button>\n\t\t\t<span>Quais t\u00e9cnicas s\u00e3o utilizadas?<\/span>\n\t\t<\/a>\n\t\t<div id=\"accordion-603568596-content\" class=\"accordion-inner\" aria-labelledby=\"accordion-603568596-label\" >\n\t\t\t\n<p>Os m\u00e9todos variam conforme a especializa\u00e7\u00e3o do profissional e as necessidades do cliente. Entre os mais comuns est\u00e3o o tar\u00f4, a astrologia, a numerologia e o uso de outras pr\u00e1ticas integrativas. Cada t\u00e9cnica oferece diferentes perspectivas para auxiliar o cliente.<\/p>\n\t\t<\/div>\n\t<\/div>\n\t\n\t<div id=\"accordion-1402585630\" class=\"accordion-item\">\n\t\t<a id=\"accordion-1402585630-label\" class=\"accordion-title plain\" href=\"#accordion-item-quanto-tempo-dura-uma-sess\u00e3o?\" aria-expanded=\"false\" aria-controls=\"accordion-1402585630-content\" >\n\t\t\t<button class=\"toggle\" aria-label=\"Toggle\"><i class=\"icon-angle-down\"><\/i><\/button>\n\t\t\t<span>Quanto tempo dura uma sess\u00e3o?<\/span>\n\t\t<\/a>\n\t\t<div id=\"accordion-1402585630-content\" class=\"accordion-inner\" aria-labelledby=\"accordion-1402585630-label\" >\n\t\t\t\n<p>A dura\u00e7\u00e3o de uma sess\u00e3o depender\u00e1 da t\u00e9cnica aplicada e da complexidade das quest\u00f5es do cliente.<\/p>\n\t\t<\/div>\n\t<\/div>\n\t\n\t<div id=\"accordion-2755713918\" class=\"accordion-item\">\n\t\t<a id=\"accordion-2755713918-label\" class=\"accordion-title plain\" href=\"#accordion-item-como-saber-se-o-atendimento-esot\u00e9rico-\u00e9-confi\u00e1vel?\" aria-expanded=\"false\" aria-controls=\"accordion-2755713918-content\" >\n\t\t\t<button class=\"toggle\" aria-label=\"Toggle\"><i class=\"icon-angle-down\"><\/i><\/button>\n\t\t\t<span>Como saber se o atendimento esot\u00e9rico \u00e9 confi\u00e1vel?<\/span>\n\t\t<\/a>\n\t\t<div id=\"accordion-2755713918-content\" class=\"accordion-inner\" aria-labelledby=\"accordion-2755713918-label\" >\n\t\t\t\n<p>Escolher um profissional reconhecido e com boas refer\u00eancias \u00e9 essencial. Um atendimento \u00e9tico e confi\u00e1vel se destaca pela transpar\u00eancia, pelo respeito e pela empatia com as necessidades do cliente.<\/p>\n\t\t<\/div>\n\t<\/div>\n\t\n\t<div id=\"accordion-1688449297\" class=\"accordion-item\">\n\t\t<a id=\"accordion-1688449297-label\" class=\"accordion-title plain\" href=\"#accordion-item-quero-me-tornar-terapeuta-na-plataforma.-como-posso-fazer-isso?\" aria-expanded=\"false\" aria-controls=\"accordion-1688449297-content\" >\n\t\t\t<button class=\"toggle\" aria-label=\"Toggle\"><i class=\"icon-angle-down\"><\/i><\/button>\n\t\t\t<span>Quero me tornar terapeuta na plataforma. Como posso fazer isso?<\/span>\n\t\t<\/a>\n\t\t<div id=\"accordion-1688449297-content\" class=\"accordion-inner\" aria-labelledby=\"accordion-1688449297-label\" >\n\t\t\t\n<p><span style=\"font-weight: 400;\">Ficamos muito felizes com o seu interesse em se tornar terapeuta na nossa plataforma!\u00a0<\/span><\/p>\n<p><span style=\"font-weight: 400;\">Estamos em busca de profissionais qualificados que atendam aos seguintes crit\u00e9rios:<\/span><\/p>\n<ul>\n<li><span style=\"font-weight: 400;\">Experi\u00eancia s\u00f3lida na pr\u00e1tica terap\u00eautica, com reconhecimento no mercado;<\/span><\/li>\n<li><span style=\"font-weight: 400;\">Hist\u00f3rico de \u00f3timos feedbacks por parte dos clientes;<\/span><\/li>\n<li><span style=\"font-weight: 400;\">Forma\u00e7\u00e3o acad\u00eamica e educacional adequada para o exerc\u00edcio da terapia;<\/span><\/li>\n<li><span style=\"font-weight: 400;\">Compromisso com \u00e9tica e excel\u00eancia no atendimento.<\/span><\/li>\n<\/ul>\n<p><span style=\"font-weight: 400;\">Se voc\u00ea atende a esses requisitos e deseja participar do nosso processo seletivo, pedimos que envie um e-mail para atendimento@mitosemagia.com.br, incluindo seu curr\u00edculo, informa\u00e7\u00f5es sobre sua forma\u00e7\u00e3o, experi\u00eancia profissional e, se poss\u00edvel, depoimentos ou refer\u00eancias de clientes.<\/span><\/p>\n<p><span style=\"font-weight: 400;\">Aguardamos seu contato para juntos, oferecermos experi\u00eancias transformadoras aos nossos clientes!<\/span><\/p>\n\t\t<\/div>\n\t<\/div>\n\t\n\t<div id=\"accordion-3626322056\" class=\"accordion-item\">\n\t\t<a id=\"accordion-3626322056-label\" class=\"accordion-title plain\" href=\"#accordion-item-preciso-acreditar-para-que-funcione?\" aria-expanded=\"false\" aria-controls=\"accordion-3626322056-content\" >\n\t\t\t<button class=\"toggle\" aria-label=\"Toggle\"><i class=\"icon-angle-down\"><\/i><\/button>\n\t\t\t<span>Preciso acreditar para que funcione?<\/span>\n\t\t<\/a>\n\t\t<div id=\"accordion-3626322056-content\" class=\"accordion-inner\" aria-labelledby=\"accordion-3626322056-label\" >\n\t\t\t\n<p>N\u00e3o necessariamente. Embora a abertura mental e emocional ajude a aproveitar melhor a sess\u00e3o, a efic\u00e1cia do atendimento n\u00e3o depende de cren\u00e7a absoluta. O prop\u00f3sito \u00e9 promover reflex\u00f5es e trazer novas perspectivas, independentemente de cren\u00e7as pessoais.<\/p>\n\t\t<\/div>\n\t<\/div>\n\t\n\t<div id=\"accordion-152084264\" class=\"accordion-item\">\n\t\t<a id=\"accordion-152084264-label\" class=\"accordion-title plain\" href=\"#accordion-item-como-me-preparar-para-o-atendimento?\" aria-expanded=\"false\" aria-controls=\"accordion-152084264-content\" >\n\t\t\t<button class=\"toggle\" aria-label=\"Toggle\"><i class=\"icon-angle-down\"><\/i><\/button>\n\t\t\t<span>Como me preparar para o atendimento?<\/span>\n\t\t<\/a>\n\t\t<div id=\"accordion-152084264-content\" class=\"accordion-inner\" aria-labelledby=\"accordion-152084264-label\" >\n\t\t\t\n<p>O ideal \u00e9 que o cliente esteja num ambiente calmo, em que se sinta seguro e que n\u00e3o seja interrompido durante o atendimento e que tenha em mente as quest\u00f5es ou aspectos que gostaria de abordar.<\/p>\n\t\t<\/div>\n\t<\/div>\n\t\n\t<div id=\"accordion-3062355447\" class=\"accordion-item\">\n\t\t<a id=\"accordion-3062355447-label\" class=\"accordion-title plain\" href=\"#accordion-item-os-atendimentos-trazem-respostas-definitivas?\" aria-expanded=\"false\" aria-controls=\"accordion-3062355447-content\" >\n\t\t\t<button class=\"toggle\" aria-label=\"Toggle\"><i class=\"icon-angle-down\"><\/i><\/button>\n\t\t\t<span>Os atendimentos trazem respostas definitivas?<\/span>\n\t\t<\/a>\n\t\t<div id=\"accordion-3062355447-content\" class=\"accordion-inner\" aria-labelledby=\"accordion-3062355447-label\" >\n\t\t\t\n<p>O atendimento esot\u00e9rico visa oferecer orienta\u00e7\u00f5es e pontos de reflex\u00e3o. Embora possa trazer insights valiosos, as respostas n\u00e3o s\u00e3o absolutas, pois respeitam o livre-arb\u00edtrio e o momento de vida de cada pessoa.<\/p>\n\t\t<\/div>\n\t<\/div>\n\t\n\t<div id=\"accordion-167826056\" class=\"accordion-item\">\n\t\t<a id=\"accordion-167826056-label\" class=\"accordion-title plain\" href=\"#accordion-item-quantas-sess\u00f5es-s\u00e3o-recomendadas?\" aria-expanded=\"false\" aria-controls=\"accordion-167826056-content\" >\n\t\t\t<button class=\"toggle\" aria-label=\"Toggle\"><i class=\"icon-angle-down\"><\/i><\/button>\n\t\t\t<span>Quantas sess\u00f5es s\u00e3o recomendadas?<\/span>\n\t\t<\/a>\n\t\t<div id=\"accordion-167826056-content\" class=\"accordion-inner\" aria-labelledby=\"accordion-167826056-label\" >\n\t\t\t\n<p>A frequ\u00eancia depende das necessidades de cada cliente. Algumas pessoas encontram respostas em uma \u00fanica sess\u00e3o, enquanto outras preferem realizar atendimentos regulares para um acompanhamento cont\u00ednuo em sua jornada de autoconhecimento.<\/p>\n\t\t<\/div>\n\t<\/div>\n\t\n\t<div id=\"accordion-924619958\" class=\"accordion-item\">\n\t\t<a id=\"accordion-924619958-label\" class=\"accordion-title plain\" href=\"#accordion-item-como-ser\u00e3o-feitos-os-pagamentos?\" aria-expanded=\"false\" aria-controls=\"accordion-924619958-content\" >\n\t\t\t<button class=\"toggle\" aria-label=\"Toggle\"><i class=\"icon-angle-down\"><\/i><\/button>\n\t\t\t<span>Como ser\u00e3o feitos os pagamentos?<\/span>\n\t\t<\/a>\n\t\t<div id=\"accordion-924619958-content\" class=\"accordion-inner\" aria-labelledby=\"accordion-924619958-label\" >\n\t\t\t\n<p>Os pagamentos ser\u00e3o feitos na plataforma da Mitos e Magia, a fim de garantir o hor\u00e1rio agendado da consulta e poder\u00e3o ser feitos via cart\u00e3o de cr\u00e9dito e PIX.<\/p>\n\t\t<\/div>\n\t<\/div>\n\t\n\t<div id=\"accordion-3196777480\" class=\"accordion-item\">\n\t\t<a id=\"accordion-3196777480-label\" class=\"accordion-title plain\" href=\"#accordion-item-como-fa\u00e7o-para-marcar-minha-consulta?\" aria-expanded=\"false\" aria-controls=\"accordion-3196777480-content\" >\n\t\t\t<button class=\"toggle\" aria-label=\"Toggle\"><i class=\"icon-angle-down\"><\/i><\/button>\n\t\t\t<span>Como fa\u00e7o para marcar minha consulta?<\/span>\n\t\t<\/a>\n\t\t<div id=\"accordion-3196777480-content\" class=\"accordion-inner\" aria-labelledby=\"accordion-3196777480-label\" >\n\t\t\t\n<p>As consultas ser\u00e3o marcadas na plataforma da Mitos e Magia, &#8220;agende sua consulta&#8221;, sendo que o cliente, ap\u00f3s a escolha do servi\u00e7o, ter\u00e1 acesso a agenda do terapeuta e poder\u00e1 escolher o dia e hor\u00e1rio dispon\u00edveis e fazer o agendamento.<\/p>\n<a href=\"http:\/\/vala044.gendo.app\/\" target=\"_blank\" class=\"button secondary\" rel=\"noopener\"  style=\"border-radius:99px;\">\n    <span>Clique aqui para agendar<\/span>\n  <\/a>\n\n\t\t<\/div>\n\t<\/div>\n\t\n\t<div id=\"accordion-4253972261\" class=\"accordion-item\">\n\t\t<a id=\"accordion-4253972261-label\" class=\"accordion-title plain\" href=\"#accordion-item-quais-os-valores-das-consultas?\" aria-expanded=\"false\" aria-controls=\"accordion-4253972261-content\" >\n\t\t\t<button class=\"toggle\" aria-label=\"Toggle\"><i class=\"icon-angle-down\"><\/i><\/button>\n\t\t\t<span>Quais os valores das consultas?<\/span>\n\t\t<\/a>\n\t\t<div id=\"accordion-4253972261-content\" class=\"accordion-inner\" aria-labelledby=\"accordion-4253972261-label\" >\n\t\t\t\n<p>As consultas variam de pre\u00e7o conforme o tipo de servi\u00e7o que ser\u00e1 prestado, o tempo de consulta e se o atendimento ser\u00e1 presencial\u00a0ou\u00a0on\u00a0line.<\/p>\n\t\t<\/div>\n\t<\/div>\n\t\n<\/div>\n\t\t<\/div>\n\t\t\t\t\t<\/div>\n\n\t\n\n<style>\n#row-1897915443 > .col > .col-inner {\n  padding: 80px 0px 0px 0px;\n}\n<\/style>\n<\/div>\n\t\t<\/div>\n\n\t\t\n<style>\n#section_661440134 {\n  padding-top: 20px;\n  padding-bottom: 20px;\n  background-color: rgb(4, 0, 17);\n}\n#section_661440134 .section-bg.bg-loaded {\n  background-image: url(https:\/\/mitosemagia.com.br\/integrativos\/wp-content\/uploads\/2024\/11\/bg.gif);\n}\n#section_661440134 .section-bg {\n  background-position: 0% 100%;\n}\n<\/style>\n\t<\/section>\n\t\n\t<section class=\"section\" id=\"section_48953265\">\n\t\t<div class=\"bg section-bg fill bg-fill  bg-loaded\" >\n\n\t\t\t\n\t\t\t<div class=\"section-bg-overlay absolute fill\"><\/div>\n\t\t\t\n\t<div class=\"is-border\"\n\t\tstyle=\"border-width:0px 0px 0px 0px;\">\n\t<\/div>\n\n\t\t<\/div>\n\n\t\t\n\n\t\t<div class=\"section-content relative\">\n\t\t\t\n\n\t<div id=\"gap-502720762\" class=\"gap-element clearfix\" style=\"display:block; height:auto;\">\n\t\t\n<style>\n#gap-502720762 {\n  padding-top: 30px;\n}\n<\/style>\n\t<\/div>\n\t\n\n<div class=\"row row-small\"  id=\"row-873554054\">\n\n\n\t<div id=\"col-576687114\" class=\"col medium-3 small-12 large-3\"  >\n\t\t\t\t<div class=\"col-inner\"  >\n\t\t\t\n\t\t\t\n\n\t<div class=\"img has-hover x md-x lg-x y md-y lg-y\" id=\"image_1689437391\">\n\t\t\t\t\t\t\t\t<div class=\"img-inner dark\" >\n\t\t\t<img loading=\"lazy\" decoding=\"async\" width=\"387\" height=\"226\" src=\"https:\/\/mitosemagia.com.br\/integrativos\/wp-content\/uploads\/2024\/08\/Camada-1-copiar.png\" class=\"attachment-original size-original\" alt=\"\" srcset=\"https:\/\/mitosemagia.com.br\/integrativos\/wp-content\/uploads\/2024\/08\/Camada-1-copiar.png 387w, https:\/\/mitosemagia.com.br\/integrativos\/wp-content\/uploads\/2024\/08\/Camada-1-copiar-300x175.png 300w\" sizes=\"auto, (max-width: 387px) 100vw, 387px\" \/>\t\t\t\t\t\t\n\t\t\t\t\t<\/div>\n\t\t\t\t\t\t\t\t\n<style>\n#image_1689437391 {\n  width: 48%;\n}\n@media (min-width:550px) {\n  #image_1689437391 {\n    width: 67%;\n  }\n}\n<\/style>\n\t<\/div>\n\t\n\n\n\t\t<\/div>\n\t\t\t\t\t<\/div>\n\n\t\n\n\t<div id=\"col-253898645\" class=\"col medium-2 small-6 large-2\"  >\n\t\t\t\t<div class=\"col-inner\"  >\n\t\t\t\n\t\t\t\n\n\t<div id=\"text-3055911204\" class=\"text\">\n\t\t\n\n<ul>\n<li><a href=\"https:\/\/mitosemagia.com.br\/integrativos\/sobre\/\">Sobre<\/a><\/li>\n<\/ul>\n<ul>\n<li><a href=\"https:\/\/mitosemagia.com.br\/integrativos\/terapeutas\/\">Especialistas<\/a><\/li>\n<\/ul>\n<ul>\n<li><a href=\"https:\/\/mitosemagia.com.br\/integrativos\/servicos\/\">Servi\u00e7os<\/a><\/li>\n<\/ul>\n\t\t\n<style>\n#text-3055911204 {\n  font-size: 0.75rem;\n  color: rgb(255,255,255);\n}\n#text-3055911204 > * {\n  color: rgb(255,255,255);\n}\n<\/style>\n\t<\/div>\n\t\n\n\t\t<\/div>\n\t\t\t\t\t<\/div>\n\n\t\n\n\t<div id=\"col-1192222770\" class=\"col medium-3 small-6 large-3\"  >\n\t\t\t\t<div class=\"col-inner\"  >\n\t\t\t\n\t\t\t\n\n\t<div id=\"text-2001003570\" class=\"text\">\n\t\t\n\n<ul>\n<li><a href=\"https:\/\/mitosemagia.com.br\/integrativos\/artigos\/\">Artigos<\/a><\/li>\n<\/ul>\n<ul>\n<li><a href=\"https:\/\/mitosemagia.com.br\/integrativos\/duvidas\/\">D\u00favidas<\/a><\/li>\n<\/ul>\n<ul>\n<li><a href=\"https:\/\/mitosemagia.com.br\/integrativos\/contato\/\">Contato<\/a><\/li>\n<\/ul>\n\t\t\n<style>\n#text-2001003570 {\n  font-size: 0.75rem;\n  color: rgb(255,255,255);\n}\n#text-2001003570 > * {\n  color: rgb(255,255,255);\n}\n<\/style>\n\t<\/div>\n\t\n\n\t\t<\/div>\n\t\t\t\t\t<\/div>\n\n\t\n\n\t<div id=\"col-566503056\" class=\"col medium-4 small-12 large-4\"  >\n\t\t\t\t<div class=\"col-inner text-left\"  >\n\t\t\t\n\t\t\t\n\n<div class=\"social-icons follow-icons full-width text-left\" ><a href=\"https:\/\/www.instagram.com\/mitosemagiaoficial\/\" target=\"_blank\" data-label=\"Instagram\" class=\"icon button circle is-outline instagram tooltip\" title=\"Follow on Instagram\" aria-label=\"Follow on Instagram\" rel=\"noopener nofollow\" ><i class=\"icon-instagram\" ><\/i><\/a><\/div>\n\n\t<div id=\"text-3694504190\" class=\"text\">\n\t\t\n\n<p><a href=\"https:\/\/mitosemagia.com.br\/integrativos\/termos-de-uso\/\">Termos de uso<\/a><\/p>\n\t\t\n<style>\n#text-3694504190 {\n  font-size: 0.75rem;\n  text-align: left;\n  color: rgb(255,255,255);\n}\n#text-3694504190 > * {\n  color: rgb(255,255,255);\n}\n<\/style>\n\t<\/div>\n\t\n<a href=\"http:\/\/vala044.gendo.app\/\" target=\"_blank\" class=\"button primary is-xsmall degrade\" rel=\"noopener\"  style=\"border-radius:99px;\">\n    <span>marque sua consulta<\/span>\n  <\/a>\n\n\n\n\t\t<\/div>\n\t\t\t\t\t<\/div>\n\n\t\n\n<\/div>\n\n\t\t<\/div>\n\n\t\t\n<style>\n#section_48953265 {\n  padding-top: 40px;\n  padding-bottom: 40px;\n}\n#section_48953265 .section-bg-overlay {\n  background-color: rgb(4, 0, 17);\n}\n@media (min-width:550px) {\n  #section_48953265 {\n    padding-top: 30px;\n    padding-bottom: 30px;\n  }\n}\n<\/style>\n\t<\/section>\n\t\n\n","protected":false},"excerpt":{"rendered":"","protected":false},"author":3,"featured_media":0,"parent":0,"menu_order":0,"comment_status":"closed","ping_status":"closed","template":"page-transparent-header.php","meta":{"inline_featured_image":false,"_joinchat":[],"footnotes":""},"class_list":["post-2835","page","type-page","status-publish","hentry"],"_links":{"self":[{"href":"https:\/\/mitosemagia.com.br\/integrativos\/wp-json\/wp\/v2\/pages\/2835","targetHints":{"allow":["GET"]}}],"collection":[{"href":"https:\/\/mitosemagia.com.br\/integrativos\/wp-json\/wp\/v2\/pages"}],"about":[{"href":"https:\/\/mitosemagia.com.br\/integrativos\/wp-json\/wp\/v2\/types\/page"}],"author":[{"embeddable":true,"href":"https:\/\/mitosemagia.com.br\/integrativos\/wp-json\/wp\/v2\/users\/3"}],"replies":[{"embeddable":true,"href":"https:\/\/mitosemagia.com.br\/integrativos\/wp-json\/wp\/v2\/comments?post=2835"}],"version-history":[{"count":0,"href":"https:\/\/mitosemagia.com.br\/integrativos\/wp-json\/wp\/v2\/pages\/2835\/revisions"}],"wp:attachment":[{"href":"https:\/\/mitosemagia.com.br\/integrativos\/wp-json\/wp\/v2\/media?parent=2835"}],"curies":[{"name":"wp","href":"https:\/\/api.w.org\/{rel}","templated":true}]}}